{"id":395,"date":"2016-01-19T10:27:33","date_gmt":"2016-01-19T10:27:33","guid":{"rendered":"http:\/\/rogeresteller.com\/balanza-motivacional\/?lang=ca"},"modified":"2016-04-10T21:06:55","modified_gmt":"2016-04-10T19:06:55","slug":"balanza-motivacional","status":"publish","type":"page","link":"https:\/\/rogeresteller.com\/ca\/balanza-motivacional\/","title":{"rendered":"Balan\u00e7a Motivacional"},"content":{"rendered":"<p>[et_pb_section admin_label=&#8221;Secci\u00f3n&#8221; fullwidth=&#8221;off&#8221; specialty=&#8221;off&#8221; transparent_background=&#8221;off&#8221; background_color=&#8221;#be1824&#8243; allow_player_pause=&#8221;off&#8221; inner_shadow=&#8221;off&#8221; parallax=&#8221;off&#8221; parallax_method=&#8221;off&#8221; padding_mobile=&#8221;off&#8221; make_fullwidth=&#8221;off&#8221; use_custom_width=&#8221;off&#8221; width_unit=&#8221;on&#8221; make_equal=&#8221;off&#8221; use_custom_gutter=&#8221;off&#8221; gutter_width=&#8221;3&#8243;][et_pb_row admin_label=&#8221;Fila&#8221;][et_pb_column type=&#8221;4_4&#8243;][et_pb_text admin_label=&#8221;Texto&#8221; background_layout=&#8221;dark&#8221; text_orientation=&#8221;center&#8221; text_font_size=&#8221;14&#8243; use_border_color=&#8221;off&#8221; border_color=&#8221;#ffffff&#8221; border_style=&#8221;solid&#8221;]<\/p>\n<h1 style=\"text-align: center;\">LA BALAN\u00c7A MOTIVACIONAL<\/h1>\n<p>[\/et_pb_text][\/et_pb_column][\/et_pb_row][\/et_pb_section][et_pb_section admin_label=&#8221;section&#8221;][et_pb_row admin_label=&#8221;Fila&#8221;][et_pb_column type=&#8221;2_3&#8243;][et_pb_text admin_label=&#8221;Texto&#8221; background_layout=&#8221;light&#8221; text_orientation=&#8221;left&#8221; use_border_color=&#8221;off&#8221; border_color=&#8221;#ffffff&#8221; border_style=&#8221;solid&#8221;]<\/p>\n<p>La <strong>Balan\u00e7a Motivacional<\/strong>\u00a0\u00e9s l&#8217;<strong>eina de diagn\u00f2stic\u00a0<\/strong>que et permetr\u00e0 con\u00e8ixer el teu <strong>estat motivacional actual<\/strong>\u00a0segons el <a href=\"http:\/\/rogeresteller.com\/ca\/el-metodo-si-vis-pacem\/\">M\u00e9tode Si Vis Pacem<\/a>. A trav\u00e9s d&#8217;ella podr\u00e0s\u00a0identificar els suports externs i interns amb els que comptes per assolir els teus\u00a0objectius.<\/p>\n<h2>Fes el teu test!<\/h2>\n<p>Et convidem a <strong>fer el test &#8220;LA MEVA BALAN\u00c7A MOTIVACIONAL&#8221;. <\/strong>Valora els seg\u00fcents 10 aspectes per <strong>determinar quins s\u00f3n els teus suports interns i els teus graus de satisfacci\u00f3<\/strong>. Amb aix\u00f2 obtindr\u00e0s el teu Rati d\u2019Equilibri Motivacional (REM) i descobrir\u00e0s quin \u00e9s el teu estat motivacional (embri\u00f3, cris\u00e0lida o imago).\u00a0Triem el proc\u00e9s metam\u00f2rfic de la papallona per ser extrapolable al nostre \u00e9sser intern, i \u00e9s <strong>EMBRI\u00d3<\/strong> l&#8217;estat inicial, <strong>CRIS\u00c0LIDA<\/strong>\u00a0l&#8217;estat evolutiu i <strong>IMAGO<\/strong> l&#8217;estat final.<\/p>\n<h3>Comprova quin \u00e9s el teu resultat!<\/h3>\n<p><strong>Sigues sincer<\/strong> amb tu mateix: \u00e9s l&#8217;\u00fanic cam\u00ed per millorar.<\/p>\n<p>[\/et_pb_text][\/et_pb_column][et_pb_column type=&#8221;1_3&#8243;][et_pb_image admin_label=&#8221;Imagen&#8221; src=&#8221;http:\/\/rogeresteller.com\/wp-content\/uploads\/2016\/01\/balanza-motivacional-roger-esteller.jpg&#8221; show_in_lightbox=&#8221;off&#8221; url_new_window=&#8221;off&#8221; animation=&#8221;off&#8221; sticky=&#8221;off&#8221; align=&#8221;left&#8221; force_fullwidth=&#8221;off&#8221; always_center_on_mobile=&#8221;on&#8221; use_border_color=&#8221;off&#8221; border_color=&#8221;#ffffff&#8221; border_style=&#8221;solid&#8221;] [\/et_pb_image][\/et_pb_column][\/et_pb_row][et_pb_row admin_label=&#8221;row&#8221;][et_pb_column type=&#8221;4_4&#8243;][et_pb_code admin_label=&#8221;C\u00f3digo&#8221;]&lt;form autocomplete=&#8221;off&#8221; action=&#8221;\/ca\/la-meva-balanca-motivacional&#8221; method=&#8221;post&#8221;&gt; &lt;script&gt; function handleChange(input) { if (input.value &lt; 0) input.value = 0; if (input.value &gt; 10) input.value = 10; if (input.value == null || input.value == &#8220;&#8221;) input.value = 0; } &lt;\/script&gt; &lt;div id=&#8221;re-balmot&#8221;&gt; &lt;!&#8211; Soportes Externos &#8211;&gt; &lt;div id=&#8221;re-balsxt&#8221;&gt; &lt;h2&gt;GRAUS DE SATISFACCI\u00d3 &lt;\/h2&gt; &lt;p class=&#8221;re-balsvp-expl&#8221;&gt;Valora aquests 10 aspectes de la teva vida del 0 al 10.&lt;\/p&gt;&lt;br&gt; &lt;label class=&#8221;re-baltit&#8221;&gt;FAM\u00cdLIA&lt;\/label&gt;&lt;input type=&#8221;number&#8221; name=&#8221;re-sxt01&#8243; class=&#8221;re-binp&#8221; min=&#8221;0&#8243; max=&#8221;10&#8243; value=&#8221;0&#8243; onchange=&#8221;handleChange(this);&#8221;&gt;&lt;br&gt; &lt;p class=&#8221;re-btip&#8221;&gt;Valora la teva satisfacci\u00f3 amb el teu entorn familiar (fills, pares, germans&#8230; tot, excepte la teva parella) &lt;\/p&gt;&lt;br&gt; &lt;label class=&#8221;re-baltit&#8221;&gt;PARELLA&lt;\/label&gt;&lt;input type=&#8221;number&#8221; name=&#8221;re-sxt02&#8243; class=&#8221;re-binp&#8221; min=&#8221;0&#8243; max=&#8221;10&#8243; value=&#8221;0&#8243; onchange=&#8221;handleChange(this);&#8221;&gt;&lt;br&gt; &lt;p class=&#8221;re-btip&#8221;&gt;Valora la teva satisfacci\u00f3 amb la teva parella (en cas de no tenir-ne, valora la teva satisfacci\u00f3 davant el fet d\u2019estar sol)&lt;\/p&gt;&lt;br&gt; &lt;label class=&#8221;re-baltit&#8221;&gt;AMICS\/AMIGUES&lt;\/label&gt;&lt;input type=&#8221;number&#8221; name=&#8221;re-sxt03&#8243; class=&#8221;re-binp&#8221; min=&#8221;0&#8243; max=&#8221;10&#8243; value=&#8221;0&#8243; onchange=&#8221;handleChange(this);&#8221;&gt;&lt;br&gt; &lt;p class=&#8221;re-btip&#8221;&gt;Valora la teva satisfacci\u00f3 amb els teus amics\/amigues&lt;\/p&gt;&lt;br&gt; &lt;label class=&#8221;re-baltit&#8221;&gt;PROFESSI\u00d3\/ACTIVITAT PROFESSIONAL&lt;\/label&gt;&lt;input type=&#8221;number&#8221; name=&#8221;re-sxt04&#8243; class=&#8221;re-binp&#8221; min=&#8221;0&#8243; max=&#8221;10&#8243; value=&#8221;0&#8243; onchange=&#8221;handleChange(this);&#8221;&gt;&lt;br&gt; &lt;p class=&#8221;re-btip&#8221;&gt;Valora la teva satisfacci\u00f3 amb la teva professi\u00f3 o activitat professional&lt;\/p&gt;&lt;br&gt; &lt;label class=&#8221;re-baltit&#8221;&gt;ECONOMIA\/DINERS&lt;\/label&gt;&lt;input type=&#8221;number&#8221; name=&#8221;re-sxt05&#8243; class=&#8221;re-binp&#8221; min=&#8221;0&#8243; max=&#8221;10&#8243; value=&#8221;0&#8243; onchange=&#8221;handleChange(this);&#8221;&gt;&lt;br&gt; &lt;p class=&#8221;re-btip&#8221;&gt;Valora la teva satisfacci\u00f3 amb l\u2019estat de la teva situaci\u00f3 econ\u00f2mica actual&lt;\/p&gt;&lt;br&gt; &lt;label class=&#8221;re-baltit&#8221;&gt;SALUT&lt;\/label&gt;&lt;input type=&#8221;number&#8221; name=&#8221;re-sxt06&#8243; class=&#8221;re-binp&#8221; min=&#8221;0&#8243; max=&#8221;10&#8243; value=&#8221;0&#8243; onchange=&#8221;handleChange(this);&#8221;&gt;&lt;br&gt; &lt;p class=&#8221;re-btip&#8221;&gt;Valora la teva satisfacci\u00f3 amb el teu estat actual de salut&lt;\/p&gt;&lt;br&gt; &lt;label class=&#8221;re-baltit&#8221;&gt;OCI\/DIVERSI\u00d3&lt;\/label&gt;&lt;input type=&#8221;number&#8221; name=&#8221;re-sxt07&#8243; class=&#8221;re-binp&#8221; min=&#8221;0&#8243; max=&#8221;10&#8243; value=&#8221;0&#8243; onchange=&#8221;handleChange(this);&#8221;&gt;&lt;br&gt; &lt;p class=&#8221;re-btip&#8221;&gt;Valora la teva satisfacci\u00f3 amb les teves activitats d\u2019oci\/diversi\u00f3; si les realitzes m\u00e9s o menys freq\u00fcentment i si et resulten m\u00e9s o menys satisfact\u00f2ries&lt;\/p&gt;&lt;br&gt; &lt;label class=&#8221;re-baltit&#8221;&gt;RECONEIXEMENT SOCIAL&lt;\/label&gt;&lt;input type=&#8221;number&#8221; name=&#8221;re-sxt08&#8243; class=&#8221;re-binp&#8221; min=&#8221;0&#8243; max=&#8221;10&#8243; value=&#8221;0&#8243; onchange=&#8221;handleChange(this);&#8221;&gt;&lt;br&gt; &lt;p class=&#8221;re-btip&#8221;&gt;Valora el teu grau de satisfacci\u00f3 respecte el reconeixement social que tens i l\u2019important que aquest \u00e9s per a tu (no tinguis en compte ni fam\u00edlia, ni parella, ni amics per fer-ho)&lt;\/p&gt;&lt;br&gt; &lt;label class=&#8221;re-baltit&#8221;&gt;IMATGE&lt;\/label&gt;&lt;input type=&#8221;number&#8221; name=&#8221;re-sxt09&#8243; class=&#8221;re-binp&#8221; min=&#8221;0&#8243; max=&#8221;10&#8243; value=&#8221;0&#8243; onchange=&#8221;handleChange(this);&#8221;&gt;&lt;br&gt; &lt;p class=&#8221;re-btip&#8221;&gt;Valora la teva satisfacci\u00f3 amb la teva imatge personal (f\u00edsic i estil)&lt;\/p&gt;&lt;br&gt; &lt;label class=&#8221;re-baltit&#8221;&gt;DESENVOLUPAMENT ESPIRITUAL\/\u00c8TIC&lt;\/label&gt;&lt;input type=&#8221;number&#8221; name=&#8221;re-sxt10&#8243; class=&#8221;re-binp&#8221; min=&#8221;0&#8243; max=&#8221;10&#8243; value=&#8221;0&#8243; onchange=&#8221;handleChange(this);&#8221;&gt;&lt;br&gt; &lt;p class=&#8221;re-btip&#8221;&gt;Valora la teva satisfacci\u00f3 amb els teus suports espirituals, \u00e8tics o religiosos&lt;\/p&gt;&lt;br&gt; &lt;\/div&gt; &lt;!&#8211; FIN Soportes Externos &#8211;&gt; &lt;!&#8211; Soportes SVP &#8211;&gt; &lt;div id=&#8221;re-balsvp&#8221;&gt; &lt;h2&gt;SUPORTS INTERNS \u2013 SI VIS PACEM&lt;\/h2&gt; &lt;p class=&#8221;re-balsvp-expl&#8221;&gt;Valora aquests 10 aspectes interns del 0 al 10.&lt;\/p&gt;&lt;br&gt; &lt;label class=&#8221;re-baltit&#8221;&gt;VISI\u00d3&lt;\/label&gt;&lt;input type=&#8221;number&#8221; name=&#8221;re-svp01&#8243; class=&#8221;re-binp&#8221; min=&#8221;0&#8243; max=&#8221;10&#8243; value=&#8221;0&#8243; onchange=&#8221;handleChange(this);&#8221;&gt;&lt;br&gt; &lt;p class=&#8221;re-btip&#8221;&gt;Valora en quin grau ets capa\u00e7 de tenir visi\u00f3 de present i futur i d\u2019establir objectius.&lt;\/p&gt;&lt;br&gt; &lt;label class=&#8221;re-baltit&#8221;&gt;ERROR&lt;\/label&gt;&lt;input type=&#8221;number&#8221; name=&#8221;re-svp02&#8243; class=&#8221;re-binp&#8221; min=&#8221;0&#8243; max=&#8221;10&#8243; value=&#8221;0&#8243; onchange=&#8221;handleChange(this);&#8221;&gt;&lt;br&gt; &lt;p class=&#8221;re-btip&#8221;&gt;Valora en quin grau acceptes els teus errors i els utilitzes per millorar.&lt;\/p&gt;&lt;br&gt; &lt;label class=&#8221;re-baltit&#8221;&gt;AUTO-MOTIVACI\u00d3&lt;\/label&gt;&lt;input type=&#8221;number&#8221; name=&#8221;re-svp03&#8243; class=&#8221;re-binp&#8221; min=&#8221;0&#8243; max=&#8221;10&#8243; value=&#8221;0&#8243; onchange=&#8221;handleChange(this);&#8221;&gt;&lt;br&gt; &lt;p class=&#8221;re-btip&#8221;&gt;Valora en quin grau ets capa\u00e7 d\u2019auto-motivar-te sense l\u2019ajuda d\u2019influ\u00e8ncies externes.&lt;\/p&gt;&lt;br&gt; &lt;label class=&#8221;re-baltit&#8221;&gt;PRESSI\u00d3-POR&lt;\/label&gt;&lt;input type=&#8221;number&#8221; name=&#8221;re-svp04&#8243; class=&#8221;re-binp&#8221; min=&#8221;0&#8243; max=&#8221;10&#8243; value=&#8221;0&#8243; onchange=&#8221;handleChange(this);&#8221;&gt;&lt;br&gt; &lt;p class=&#8221;re-btip&#8221;&gt;Valora en quin grau suportes la pressi\u00f3 i gestiones les teves pors&lt;\/p&gt;&lt;br&gt; &lt;label class=&#8221;re-baltit&#8221;&gt;COMPET\u00c8NCIA-DIFERENCIACI\u00d3&lt;\/label&gt;&lt;input type=&#8221;number&#8221; name=&#8221;re-svp05&#8243; class=&#8221;re-binp&#8221; min=&#8221;0&#8243; max=&#8221;10&#8243; value=&#8221;0&#8243; onchange=&#8221;handleChange(this);&#8221;&gt;&lt;br&gt; &lt;p class=&#8221;re-btip&#8221;&gt;Valora en quin grau et consideres un bon competidor i ets capa\u00e7 de diferenciar-te per assolir les teves metes&lt;\/p&gt;&lt;br&gt; &lt;label class=&#8221;re-baltit&#8221;&gt;ADAPTACI\u00d3 AL CANVI&lt;\/label&gt;&lt;input type=&#8221;number&#8221; name=&#8221;re-svp06&#8243; class=&#8221;re-binp&#8221; min=&#8221;0&#8243; max=&#8221;10&#8243; value=&#8221;0&#8243; onchange=&#8221;handleChange(this);&#8221;&gt;&lt;br&gt; &lt;p class=&#8221;re-btip&#8221;&gt;Valora en quin grau t\u2019adaptes als canvis vitals i professionals que experimentes&lt;\/p&gt;&lt;br&gt; &lt;label class=&#8221;re-baltit&#8221;&gt;PASSI\u00d3&lt;\/label&gt;&lt;input type=&#8221;number&#8221; name=&#8221;re-svp07&#8243; class=&#8221;re-binp&#8221; min=&#8221;0&#8243; max=&#8221;10&#8243; value=&#8221;0&#8243; onchange=&#8221;handleChange(this);&#8221;&gt;&lt;br&gt; &lt;p class=&#8221;re-btip&#8221;&gt;Valora el teu grau de passi\u00f3 en totes les facetes de la teva vida&lt;\/p&gt;&lt;br&gt; &lt;label class=&#8221;re-baltit&#8221;&gt;EXCUSES&#8230;&lt;\/label&gt;&lt;input type=&#8221;number&#8221; name=&#8221;re-svp08&#8243; class=&#8221;re-binp&#8221; min=&#8221;0&#8243; max=&#8221;10&#8243; value=&#8221;0&#8243; onchange=&#8221;handleChange(this);&#8221;&gt;&lt;br&gt; &lt;p class=&#8221;re-btip&#8221;&gt;Valora en quin grau t\u2019excuses, et queixes, et culpes, et justifiques&#8230; Si ho ha fas molt freq\u00fcentment, el resultat ha de ser baix i viceversa.&lt;\/p&gt;&lt;br&gt; &lt;label class=&#8221;re-baltit&#8221;&gt;RESILI\u00c8NCIA&lt;\/label&gt;&lt;input type=&#8221;number&#8221; name=&#8221;re-svp09&#8243; class=&#8221;re-binp&#8221; min=&#8221;0&#8243; max=&#8221;10&#8243; value=&#8221;0&#8243; onchange=&#8221;handleChange(this);&#8221;&gt;&lt;br&gt; &lt;p class=&#8221;re-btip&#8221;&gt;Capacitat que t\u00e9 l\u2019\u00e9sser hum\u00e0 per sobreposar-se a per\u00edodes de dolor emocional i situacions adverses. Valora en quin grau et consideres resilient i aconsegueixes dirigir-te cap als teus objectius durant aquests per\u00edodes&lt;\/p&gt;&lt;br&gt; &lt;label class=&#8221;re-baltit&#8221;&gt;TREBALL EN EQUIP&lt;\/label&gt;&lt;input type=&#8221;number&#8221; name=&#8221;re-svp10&#8243; class=&#8221;re-binp&#8221; min=&#8221;0&#8243; max=&#8221;10&#8243; value=&#8221;0&#8243; onchange=&#8221;handleChange(this);&#8221;&gt;&lt;br&gt; &lt;p class=&#8221;re-btip&#8221;&gt;Valora en quin grau ets capa\u00e7 de treballar en equip en qualsevol \u00e0mbit de la teva vida&lt;\/p&gt;&lt;br&gt; &lt;\/div&gt; &lt;!&#8211; FIN Soportes SVP &#8211;&gt; &lt;\/div&gt;&lt;!&#8211; #re-balmot &#8211;&gt; &lt;input type=&#8221;submit&#8221; value=&#8221;Calcular&#8221; class=&#8221;re-button&#8221;&gt; &lt;\/form&gt;[\/et_pb_code][\/et_pb_column][\/et_pb_row][\/et_pb_section]<\/p>\n","protected":false},"excerpt":{"rendered":"<p>[et_pb_section admin_label=&#8221;Secci\u00f3n&#8221; fullwidth=&#8221;off&#8221; specialty=&#8221;off&#8221; transparent_background=&#8221;off&#8221; background_color=&#8221;#be1824&#8243; allow_player_pause=&#8221;off&#8221; inner_shadow=&#8221;off&#8221; parallax=&#8221;off&#8221; parallax_method=&#8221;off&#8221; padding_mobile=&#8221;off&#8221; make_fullwidth=&#8221;off&#8221; use_custom_width=&#8221;off&#8221; width_unit=&#8221;on&#8221; make_equal=&#8221;off&#8221; use_custom_gutter=&#8221;off&#8221; gutter_width=&#8221;3&#8243;][et_pb_row admin_label=&#8221;Fila&#8221;][et_pb_column type=&#8221;4_4&#8243;][et_pb_text admin_label=&#8221;Texto&#8221; background_layout=&#8221;dark&#8221; text_orientation=&#8221;center&#8221; text_font_size=&#8221;14&#8243; use_border_color=&#8221;off&#8221; border_color=&#8221;#ffffff&#8221; border_style=&#8221;solid&#8221;] LA BALAN\u00c7A MOTIVACIONAL [\/et_pb_text][\/et_pb_column][\/et_pb_row][\/et_pb_section][et_pb_section admin_label=&#8221;section&#8221;][et_pb_row admin_label=&#8221;Fila&#8221;][et_pb_column type=&#8221;2_3&#8243;][et_pb_text admin_label=&#8221;Texto&#8221; background_layout=&#8221;light&#8221; text_orientation=&#8221;left&#8221; use_border_color=&#8221;off&#8221; border_color=&#8221;#ffffff&#8221; border_style=&#8221;solid&#8221;] La Balan\u00e7a Motivacional\u00a0\u00e9s l&#8217;eina de diagn\u00f2stic\u00a0que et permetr\u00e0 con\u00e8ixer el teu estat motivacional actual\u00a0segons el M\u00e9tode [&hellip;]<\/p>\n","protected":false},"author":2,"featured_media":0,"parent":0,"menu_order":0,"comment_status":"closed","ping_status":"closed","template":"","meta":{"footnotes":""},"class_list":["post-395","page","type-page","status-publish","hentry"],"_links":{"self":[{"href":"https:\/\/rogeresteller.com\/ca\/wp-json\/wp\/v2\/pages\/395","targetHints":{"allow":["GET"]}}],"collection":[{"href":"https:\/\/rogeresteller.com\/ca\/wp-json\/wp\/v2\/pages"}],"about":[{"href":"https:\/\/rogeresteller.com\/ca\/wp-json\/wp\/v2\/types\/page"}],"author":[{"embeddable":true,"href":"https:\/\/rogeresteller.com\/ca\/wp-json\/wp\/v2\/users\/2"}],"replies":[{"embeddable":true,"href":"https:\/\/rogeresteller.com\/ca\/wp-json\/wp\/v2\/comments?post=395"}],"version-history":[{"count":0,"href":"https:\/\/rogeresteller.com\/ca\/wp-json\/wp\/v2\/pages\/395\/revisions"}],"wp:attachment":[{"href":"https:\/\/rogeresteller.com\/ca\/wp-json\/wp\/v2\/media?parent=395"}],"curies":[{"name":"wp","href":"https:\/\/api.w.org\/{rel}","templated":true}]}}